{"id":1048,"date":"2025-08-15T14:14:09","date_gmt":"2025-08-15T14:14:09","guid":{"rendered":"https:\/\/teliplus.com\/options-de-financement\/"},"modified":"2025-12-22T10:25:53","modified_gmt":"2025-12-22T10:25:53","slug":"options-de-financement","status":"publish","type":"page","link":"https:\/\/teliplus.com\/fr\/options-de-financement\/","title":{"rendered":"Financement"},"content":{"rendered":"\t\t<div data-elementor-type=\"wp-page\" data-elementor-id=\"1048\" class=\"elementor elementor-1048 elementor-18\">\n\t\t\t\t<div class=\"elementor-element elementor-element-15b717b e-flex e-con-boxed e-con e-parent\" data-id=\"15b717b\" data-element_type=\"container\" data-e-type=\"container\" data-settings=\"{&quot;background_background&quot;:&quot;classic&quot;}\">\n\t\t\t\t\t<div class=\"e-con-inner\">\n\t\t\t\t<div class=\"elementor-element elementor-element-a8f87bf elementor-widget elementor-widget-heading\" data-id=\"a8f87bf\" data-element_type=\"widget\" data-e-type=\"widget\" data-widget_type=\"heading.default\">\n\t\t\t\t\t<h1 class=\"elementor-heading-title elementor-size-default\">Options de financement<\/h1>\t\t\t\t<\/div>\n\t\t\t\t\t<\/div>\n\t\t\t\t<\/div>\n\t\t<div class=\"elementor-element elementor-element-ae21568 e-flex e-con-boxed e-con e-parent\" data-id=\"ae21568\" data-element_type=\"container\" data-e-type=\"container\">\n\t\t\t\t\t<div class=\"e-con-inner\">\n\t\t\t\t<div class=\"elementor-element elementor-element-43d4b2c elementor-widget elementor-widget-heading\" data-id=\"43d4b2c\" data-element_type=\"widget\" data-e-type=\"widget\" data-widget_type=\"heading.default\">\n\t\t\t\t\t<h2 class=\"elementor-heading-title elementor-size-default\">Un financement flexible adapt\u00e9 \u00e0 votre entreprise.\n<\/h2>\t\t\t\t<\/div>\n\t\t\t\t\t<\/div>\n\t\t\t\t<\/div>\n\t\t<div class=\"elementor-element elementor-element-44c1abf e-flex e-con-boxed e-con e-parent\" data-id=\"44c1abf\" data-element_type=\"container\" data-e-type=\"container\">\n\t\t\t\t\t<div class=\"e-con-inner\">\n\t\t<div class=\"elementor-element elementor-element-61a18a3 e-con-full e-flex e-con e-child\" data-id=\"61a18a3\" data-element_type=\"container\" data-e-type=\"container\">\n\t\t\t\t<div class=\"elementor-element elementor-element-62cfa48 elementor-widget__width-initial elementor-widget elementor-widget-text-editor\" data-id=\"62cfa48\" data-element_type=\"widget\" data-e-type=\"widget\" data-widget_type=\"text-editor.default\">\n\t\t\t\t\t\t\t\t\t<p><span style=\"font-weight: 400;\"> Chez Teliplus, nous comprenons que la mise \u00e0 niveau de votre infrastructure de communication est un investissement dans l&rsquo;avenir de votre entreprise. C&rsquo;est pourquoi nous proposons des options de financement flexibles pour tous nos services, y compris les \u00e9quipements de t\u00e9l\u00e9phonie IP, les installations de c\u00e2blage structur\u00e9 et les solutions d&rsquo;affichage num\u00e9rique. Que vous soyez une start-up en pleine croissance ou une entreprise bien \u00e9tablie, nos plans de financement sont con\u00e7us pour vous aider \u00e0 acc\u00e9der \u00e0 la technologie dont vous avez besoin sans grever votre tr\u00e9sorerie. R\u00e9partissez le co\u00fbt de votre projet en versements mensuels g\u00e9rables tout en profitant d&rsquo;avantages imm\u00e9diats tels qu&rsquo;une meilleure connectivit\u00e9, une communication am\u00e9lior\u00e9e avec les clients et des op\u00e9rations rationalis\u00e9es. Notre \u00e9quipe travaillera avec vous pour trouver une solution de financement adapt\u00e9e \u00e0 votre budget et \u00e0 vos objectifs commerciaux, vous permettant ainsi de moderniser plus facilement que jamais votre infrastructure et de rester comp\u00e9titif.<\/span><\/p>\t\t\t\t\t\t\t\t<\/div>\n\t\t\t\t<div class=\"elementor-element elementor-element-595dc8f elementor-widget elementor-widget-button\" data-id=\"595dc8f\" data-element_type=\"widget\" data-e-type=\"widget\" data-widget_type=\"button.default\">\n\t\t\t\t\t\t\t\t\t\t<a class=\"elementor-button elementor-button-link elementor-size-sm\" href=\"https:\/\/teliplus.com\/fr\/nous-contacter\/\">\n\t\t\t\t\t\t<span class=\"elementor-button-content-wrapper\">\n\t\t\t\t\t\t\t\t\t<span class=\"elementor-button-text\">Obtenez un devis gratuit d\u00e8s aujourd'hui<\/span>\n\t\t\t\t\t<\/span>\n\t\t\t\t\t<\/a>\n\t\t\t\t\t\t\t\t<\/div>\n\t\t\t\t<\/div>\n\t\t<div class=\"elementor-element elementor-element-0ae2606 e-con-full e-flex e-con e-child\" data-id=\"0ae2606\" data-element_type=\"container\" data-e-type=\"container\">\n\t\t\t\t<div class=\"elementor-element elementor-element-e240416 elementor-widget elementor-widget-image\" data-id=\"e240416\" data-element_type=\"widget\" data-e-type=\"widget\" data-widget_type=\"image.default\">\n\t\t\t\t\t\t\t\t\t\t\t\t\t\t\t<img fetchpriority=\"high\" decoding=\"async\" width=\"1920\" height=\"1280\" src=\"https:\/\/teliplus.com\/wp-content\/uploads\/2025\/10\/pile-of-coins-stacked-and-tree-growth.jpg\" class=\"attachment-full size-full wp-image-1049\" alt=\"\" srcset=\"https:\/\/teliplus.com\/wp-content\/uploads\/2025\/10\/pile-of-coins-stacked-and-tree-growth.jpg 1920w, https:\/\/teliplus.com\/wp-content\/uploads\/2025\/10\/pile-of-coins-stacked-and-tree-growth-300x200.jpg 300w, https:\/\/teliplus.com\/wp-content\/uploads\/2025\/10\/pile-of-coins-stacked-and-tree-growth-1024x683.jpg 1024w, https:\/\/teliplus.com\/wp-content\/uploads\/2025\/10\/pile-of-coins-stacked-and-tree-growth-768x512.jpg 768w, https:\/\/teliplus.com\/wp-content\/uploads\/2025\/10\/pile-of-coins-stacked-and-tree-growth-1536x1024.jpg 1536w\" sizes=\"(max-width: 1920px) 100vw, 1920px\" \/>\t\t\t\t\t\t\t\t\t\t\t\t\t\t\t<\/div>\n\t\t\t\t<\/div>\n\t\t\t\t\t<\/div>\n\t\t\t\t<\/div>\n\t\t\t\t<\/div>\n\t\t","protected":false},"excerpt":{"rendered":"<p>Options de financement Un financement flexible adapt\u00e9 \u00e0 votre entreprise. Chez Teliplus, nous comprenons que la mise \u00e0 niveau de [&hellip;]<\/p>\n","protected":false},"author":1,"featured_media":0,"parent":0,"menu_order":0,"comment_status":"closed","ping_status":"closed","template":"","meta":{"_eb_attr":"","site-sidebar-layout":"no-sidebar","site-content-layout":"","ast-site-content-layout":"full-width-container","site-content-style":"default","site-sidebar-style":"default","ast-global-header-display":"","ast-banner-title-visibility":"","ast-main-header-display":"","ast-hfb-above-header-display":"","ast-hfb-below-header-display":"","ast-hfb-mobile-header-display":"","site-post-title":"disabled","ast-breadcrumbs-content":"","ast-featured-img":"disabled","footer-sml-layout":"","ast-disable-related-posts":"","theme-transparent-header-meta":"","adv-header-id-meta":"","stick-header-meta":"","header-above-stick-meta":"","header-main-stick-meta":"","header-below-stick-meta":"","astra-migrate-meta-layouts":"default","ast-page-background-enabled":"default","ast-page-background-meta":{"desktop":{"background-color":"var(--ast-global-color-5)","background-image":"","background-repeat":"repeat","background-position":"center center","background-size":"auto","background-attachment":"scroll","background-type":"","background-media":"","overlay-type":"","overlay-color":"","overlay-opacity":"","overlay-gradient":""},"tablet":{"background-color":"","background-image":"","background-repeat":"repeat","background-position":"center center","background-size":"auto","background-attachment":"scroll","background-type":"","background-media":"","overlay-type":"","overlay-color":"","overlay-opacity":"","overlay-gradient":""},"mobile":{"background-color":"","background-image":"","background-repeat":"repeat","background-position":"center center","background-size":"auto","background-attachment":"scroll","background-type":"","background-media":"","overlay-type":"","overlay-color":"","overlay-opacity":"","overlay-gradient":""}},"ast-content-background-meta":{"desktop":{"background-color":"var(--ast-global-color-4)","background-image":"","background-repeat":"repeat","background-position":"center center","background-size":"auto","background-attachment":"scroll","background-type":"","background-media":"","overlay-type":"","overlay-color":"","overlay-opacity":"","overlay-gradient":""},"tablet":{"background-color":"var(--ast-global-color-4)","background-image":"","background-repeat":"repeat","background-position":"center center","background-size":"auto","background-attachment":"scroll","background-type":"","background-media":"","overlay-type":"","overlay-color":"","overlay-opacity":"","overlay-gradient":""},"mobile":{"background-color":"var(--ast-global-color-4)","background-image":"","background-repeat":"repeat","background-position":"center center","background-size":"auto","background-attachment":"scroll","background-type":"","background-media":"","overlay-type":"","overlay-color":"","overlay-opacity":"","overlay-gradient":""}},"footnotes":""},"class_list":["post-1048","page","type-page","status-publish","hentry"],"_links":{"self":[{"href":"https:\/\/teliplus.com\/fr\/wp-json\/wp\/v2\/pages\/1048","targetHints":{"allow":["GET"]}}],"collection":[{"href":"https:\/\/teliplus.com\/fr\/wp-json\/wp\/v2\/pages"}],"about":[{"href":"https:\/\/teliplus.com\/fr\/wp-json\/wp\/v2\/types\/page"}],"author":[{"embeddable":true,"href":"https:\/\/teliplus.com\/fr\/wp-json\/wp\/v2\/users\/1"}],"replies":[{"embeddable":true,"href":"https:\/\/teliplus.com\/fr\/wp-json\/wp\/v2\/comments?post=1048"}],"version-history":[{"count":25,"href":"https:\/\/teliplus.com\/fr\/wp-json\/wp\/v2\/pages\/1048\/revisions"}],"predecessor-version":[{"id":1592,"href":"https:\/\/teliplus.com\/fr\/wp-json\/wp\/v2\/pages\/1048\/revisions\/1592"}],"wp:attachment":[{"href":"https:\/\/teliplus.com\/fr\/wp-json\/wp\/v2\/media?parent=1048"}],"curies":[{"name":"wp","href":"https:\/\/api.w.org\/{rel}","templated":true}]}}