{"id":1008,"date":"2025-08-15T14:13:54","date_gmt":"2025-08-15T14:13:54","guid":{"rendered":"https:\/\/teliplus.com\/services\/"},"modified":"2025-12-22T10:37:28","modified_gmt":"2025-12-22T10:37:28","slug":"services","status":"publish","type":"page","link":"https:\/\/teliplus.com\/fr\/services\/","title":{"rendered":"Services"},"content":{"rendered":"\t\t<div data-elementor-type=\"wp-page\" data-elementor-id=\"1008\" class=\"elementor elementor-1008 elementor-16\">\n\t\t\t\t<div class=\"elementor-element elementor-element-0241864 e-flex e-con-boxed e-con e-parent\" data-id=\"0241864\" data-element_type=\"container\" data-e-type=\"container\" data-settings=\"{&quot;background_background&quot;:&quot;classic&quot;}\">\n\t\t\t\t\t<div class=\"e-con-inner\">\n\t\t\t\t<div class=\"elementor-element elementor-element-b4a8e21 elementor-widget elementor-widget-heading\" data-id=\"b4a8e21\" data-element_type=\"widget\" data-e-type=\"widget\" data-widget_type=\"heading.default\">\n\t\t\t\t\t<h1 class=\"elementor-heading-title elementor-size-default\">Services<\/h1>\t\t\t\t<\/div>\n\t\t\t\t\t<\/div>\n\t\t\t\t<\/div>\n\t\t<div class=\"elementor-element elementor-element-6d77289c e-flex e-con-boxed e-con e-parent\" data-id=\"6d77289c\" data-element_type=\"container\" data-e-type=\"container\">\n\t\t\t\t\t<div class=\"e-con-inner\">\n\t\t\t\t<div class=\"elementor-element elementor-element-2134e967 elementor-absolute e-transform elementor-widget elementor-widget-image\" data-id=\"2134e967\" data-element_type=\"widget\" data-e-type=\"widget\" data-settings=\"{&quot;_position&quot;:&quot;absolute&quot;,&quot;_transform_flipX_effect&quot;:&quot;transform&quot;}\" data-widget_type=\"image.default\">\n\t\t\t\t\t\t\t\t\t\t\t\t\t\t\t<img fetchpriority=\"high\" decoding=\"async\" width=\"247\" height=\"425\" src=\"https:\/\/teliplus.com\/wp-content\/uploads\/2025\/08\/Lines-Vector-Side.png\" class=\"attachment-full size-full wp-image-981\" alt=\"\" srcset=\"https:\/\/teliplus.com\/wp-content\/uploads\/2025\/08\/Lines-Vector-Side.png 247w, https:\/\/teliplus.com\/wp-content\/uploads\/2025\/08\/Lines-Vector-Side-174x300.png 174w\" sizes=\"(max-width: 247px) 100vw, 247px\" \/>\t\t\t\t\t\t\t\t\t\t\t\t\t\t\t<\/div>\n\t\t<div class=\"elementor-element elementor-element-4e531246 e-con-full e-flex elementor-invisible e-con e-child\" data-id=\"4e531246\" data-element_type=\"container\" data-e-type=\"container\" data-settings=\"{&quot;animation&quot;:&quot;slideInLeft&quot;}\">\n\t\t\t\t<div class=\"elementor-element elementor-element-570b033 elementor-widget elementor-widget-heading\" data-id=\"570b033\" data-element_type=\"widget\" data-e-type=\"widget\" data-widget_type=\"heading.default\">\n\t\t\t\t\t<h2 class=\"elementor-heading-title elementor-size-default\">Ce que nous offrons<\/h2>\t\t\t\t<\/div>\n\t\t\t\t<div class=\"elementor-element elementor-element-20f1b29 elementor-widget__width-initial elementor-widget elementor-widget-text-editor\" data-id=\"20f1b29\" data-element_type=\"widget\" data-e-type=\"widget\" data-widget_type=\"text-editor.default\">\n\t\t\t\t\t\t\t\t\t<p>Chez TeliPlus, nous fournissons une gamme compl\u00e8te de solutions de t\u00e9l\u00e9communications et informatiques adapt\u00e9es aux besoins uniques de votre entreprise. De la connectivit\u00e9 voix et donn\u00e9es au support informatique et aux syst\u00e8mes de paiement, notre \u00e9quipe d&rsquo;experts offre des services fiables, \u00e9volutifs et rentables con\u00e7us pour aider votre entreprise \u00e0 prosp\u00e9rer. <\/p>\t\t\t\t\t\t\t\t<\/div>\n\t\t\t\t<\/div>\n\t\t<div class=\"elementor-element elementor-element-5f8f3fdc e-con-full e-flex elementor-invisible e-con e-child\" data-id=\"5f8f3fdc\" data-element_type=\"container\" data-e-type=\"container\" data-settings=\"{&quot;animation&quot;:&quot;fadeInUp&quot;}\">\n\t\t<div class=\"elementor-element elementor-element-25d88537 e-con-full e-flex e-con e-child\" data-id=\"25d88537\" data-element_type=\"container\" data-e-type=\"container\">\n\t\t<div class=\"elementor-element elementor-element-63d743c4 e-con-full e-flex e-con e-child\" data-id=\"63d743c4\" data-element_type=\"container\" data-e-type=\"container\" data-settings=\"{&quot;background_background&quot;:&quot;classic&quot;}\">\n\t\t\t\t<div class=\"elementor-element elementor-element-311ddd1e card-title elementor-widget elementor-widget-heading\" data-id=\"311ddd1e\" data-element_type=\"widget\" data-e-type=\"widget\" data-widget_type=\"heading.default\">\n\t\t\t\t\t<h3 class=\"elementor-heading-title elementor-size-default\">T\u00e9l\u00e9phonie IP (VoIP)<\/h3>\t\t\t\t<\/div>\n\t\t\t\t<div class=\"elementor-element elementor-element-47ea7418 elementor-widget__width-initial elementor-widget elementor-widget-text-editor\" data-id=\"47ea7418\" data-element_type=\"widget\" data-e-type=\"widget\" data-widget_type=\"text-editor.default\">\n\t\t\t\t\t\t\t\t\t<p>Syst\u00e8mes t\u00e9l\u00e9phoniques modernes bas\u00e9s sur le cloud avec des fonctionnalit\u00e9s avanc\u00e9es comme le standard automatique, la messagerie vocale par e-mail, le routage d&rsquo;appels, l&rsquo;int\u00e9gration CRM et le support d&rsquo;applications mobiles.<\/p>\t\t\t\t\t\t\t\t<\/div>\n\t\t\t\t<div class=\"elementor-element elementor-element-7c78b71d elementor-widget elementor-widget-heading\" data-id=\"7c78b71d\" data-element_type=\"widget\" data-e-type=\"widget\" data-widget_type=\"heading.default\">\n\t\t\t\t\t<h6 class=\"elementor-heading-title elementor-size-default\"><a href=\"https:\/\/teliplus.com\/fr\/services\/telephonie-ip-voip\/\">En savoir plus<\/a><\/h6>\t\t\t\t<\/div>\n\t\t\t\t<div class=\"elementor-element elementor-element-7ee38e5f elementor-absolute elementor-widget elementor-widget-image\" data-id=\"7ee38e5f\" data-element_type=\"widget\" data-e-type=\"widget\" data-settings=\"{&quot;_position&quot;:&quot;absolute&quot;}\" data-widget_type=\"image.default\">\n\t\t\t\t\t\t\t\t\t\t\t\t\t\t\t<img decoding=\"async\" width=\"274\" height=\"232\" src=\"https:\/\/teliplus.com\/wp-content\/uploads\/2025\/08\/IP-Telephony-VoIP.png\" class=\"attachment-full size-full wp-image-982\" alt=\"\" \/>\t\t\t\t\t\t\t\t\t\t\t\t\t\t\t<\/div>\n\t\t\t\t<\/div>\n\t\t\t\t<\/div>\n\t\t<div class=\"elementor-element elementor-element-c572a12 e-con-full e-flex e-con e-child\" data-id=\"c572a12\" data-element_type=\"container\" data-e-type=\"container\">\n\t\t<div class=\"elementor-element elementor-element-5eb350c3 e-con-full e-flex e-con e-child\" data-id=\"5eb350c3\" data-element_type=\"container\" data-e-type=\"container\" data-settings=\"{&quot;background_background&quot;:&quot;classic&quot;}\">\n\t\t\t\t<div class=\"elementor-element elementor-element-341d5bbd card-title elementor-widget elementor-widget-heading\" data-id=\"341d5bbd\" data-element_type=\"widget\" data-e-type=\"widget\" data-widget_type=\"heading.default\">\n\t\t\t\t\t<h3 class=\"elementor-heading-title elementor-size-default\">Internet professionnel<\/h3>\t\t\t\t<\/div>\n\t\t\t\t<div class=\"elementor-element elementor-element-58135fe4 elementor-widget__width-initial elementor-widget elementor-widget-text-editor\" data-id=\"58135fe4\" data-element_type=\"widget\" data-e-type=\"widget\" data-widget_type=\"text-editor.default\">\n\t\t\t\t\t\t\t\t\t<p>Solutions Internet haut d\u00e9bit de qualit\u00e9 professionnelle avec options de fibre, c\u00e2ble, LTE et redondance sans fil pour maintenir votre<\/p>\t\t\t\t\t\t\t\t<\/div>\n\t\t\t\t<div class=\"elementor-element elementor-element-7c3be29 elementor-widget elementor-widget-heading\" data-id=\"7c3be29\" data-element_type=\"widget\" data-e-type=\"widget\" data-widget_type=\"heading.default\">\n\t\t\t\t\t<h6 class=\"elementor-heading-title elementor-size-default\"><a href=\"https:\/\/teliplus.com\/fr\/services\/internet-professionnel\/\">En savoir plus<\/a><\/h6>\t\t\t\t<\/div>\n\t\t\t\t<div class=\"elementor-element elementor-element-25a95487 elementor-absolute elementor-widget elementor-widget-image\" data-id=\"25a95487\" data-element_type=\"widget\" data-e-type=\"widget\" data-settings=\"{&quot;_position&quot;:&quot;absolute&quot;}\" data-widget_type=\"image.default\">\n\t\t\t\t\t\t\t\t\t\t\t\t\t\t\t<img decoding=\"async\" width=\"222\" height=\"223\" src=\"https:\/\/teliplus.com\/wp-content\/uploads\/2025\/08\/Business-Internet.png\" class=\"attachment-full size-full wp-image-984\" alt=\"\" srcset=\"https:\/\/teliplus.com\/wp-content\/uploads\/2025\/08\/Business-Internet.png 222w, https:\/\/teliplus.com\/wp-content\/uploads\/2025\/08\/Business-Internet-150x150.png 150w\" sizes=\"(max-width: 222px) 100vw, 222px\" \/>\t\t\t\t\t\t\t\t\t\t\t\t\t\t\t<\/div>\n\t\t\t\t<\/div>\n\t\t\t\t<\/div>\n\t\t<div class=\"elementor-element elementor-element-1f1898d2 e-con-full e-flex e-con e-child\" data-id=\"1f1898d2\" data-element_type=\"container\" data-e-type=\"container\">\n\t\t<div class=\"elementor-element elementor-element-2aec4ee1 e-con-full e-flex e-con e-child\" data-id=\"2aec4ee1\" data-element_type=\"container\" data-e-type=\"container\" data-settings=\"{&quot;background_background&quot;:&quot;classic&quot;}\">\n\t\t\t\t<div class=\"elementor-element elementor-element-25ba4d01 card-title elementor-widget elementor-widget-heading\" data-id=\"25ba4d01\" data-element_type=\"widget\" data-e-type=\"widget\" data-widget_type=\"heading.default\">\n\t\t\t\t\t<h3 class=\"elementor-heading-title elementor-size-default\">C\u00e2blage structur\u00e9<\/h3>\t\t\t\t<\/div>\n\t\t\t\t<div class=\"elementor-element elementor-element-2f9ccae elementor-widget__width-initial elementor-widget elementor-widget-text-editor\" data-id=\"2f9ccae\" data-element_type=\"widget\" data-e-type=\"widget\" data-widget_type=\"text-editor.default\">\n\t\t\t\t\t\t\t\t\t<p>C\u00e2blage professionnel \u00e0 basse tension pour la voix, les donn\u00e9es et la vid\u00e9o \u2014 des nouvelles installations aux mises \u00e0 niveau. Propre, test\u00e9 et conforme.<\/p>\t\t\t\t\t\t\t\t<\/div>\n\t\t\t\t<div class=\"elementor-element elementor-element-4722544b elementor-widget elementor-widget-heading\" data-id=\"4722544b\" data-element_type=\"widget\" data-e-type=\"widget\" data-widget_type=\"heading.default\">\n\t\t\t\t\t<h6 class=\"elementor-heading-title elementor-size-default\"><a href=\"https:\/\/teliplus.com\/fr\/services\/cablage-structure\/\">En savoir plus<\/a><\/h6>\t\t\t\t<\/div>\n\t\t\t\t<div class=\"elementor-element elementor-element-3b776c86 elementor-absolute mix-blend elementor-widget elementor-widget-image\" data-id=\"3b776c86\" data-element_type=\"widget\" data-e-type=\"widget\" data-settings=\"{&quot;_position&quot;:&quot;absolute&quot;}\" data-widget_type=\"image.default\">\n\t\t\t\t\t\t\t\t\t\t\t\t\t\t\t<img loading=\"lazy\" decoding=\"async\" width=\"343\" height=\"329\" src=\"https:\/\/teliplus.com\/wp-content\/uploads\/2025\/08\/Structured-Cabling-nobg.png\" class=\"attachment-full size-full wp-image-985\" alt=\"\" srcset=\"https:\/\/teliplus.com\/wp-content\/uploads\/2025\/08\/Structured-Cabling-nobg.png 343w, https:\/\/teliplus.com\/wp-content\/uploads\/2025\/08\/Structured-Cabling-nobg-300x288.png 300w\" sizes=\"(max-width: 343px) 100vw, 343px\" \/>\t\t\t\t\t\t\t\t\t\t\t\t\t\t\t<\/div>\n\t\t\t\t<\/div>\n\t\t\t\t<\/div>\n\t\t<div class=\"elementor-element elementor-element-57ad85c9 e-con-full e-flex e-con e-child\" data-id=\"57ad85c9\" data-element_type=\"container\" data-e-type=\"container\">\n\t\t<div class=\"elementor-element elementor-element-69d27776 e-con-full e-flex e-con e-child\" data-id=\"69d27776\" data-element_type=\"container\" data-e-type=\"container\" data-settings=\"{&quot;background_background&quot;:&quot;classic&quot;}\">\n\t\t\t\t<div class=\"elementor-element elementor-element-2bcf3530 card-title elementor-widget elementor-widget-heading\" data-id=\"2bcf3530\" data-element_type=\"widget\" data-e-type=\"widget\" data-widget_type=\"heading.default\">\n\t\t\t\t\t<h3 class=\"elementor-heading-title elementor-size-default\">Affichage num\u00e9rique<\/h3>\t\t\t\t<\/div>\n\t\t\t\t<div class=\"elementor-element elementor-element-dd62c78 elementor-widget__width-initial elementor-widget elementor-widget-text-editor\" data-id=\"dd62c78\" data-element_type=\"widget\" data-e-type=\"widget\" data-widget_type=\"text-editor.default\">\n\t\t\t\t\t\t\t\t\t<p>Affichez menus, annonces et promotions avec un affichage num\u00e9rique \u00e0 fort impact con\u00e7u pour maintenir vos clients engag\u00e9s et inform\u00e9s.<\/p>\t\t\t\t\t\t\t\t<\/div>\n\t\t\t\t<div class=\"elementor-element elementor-element-774f6da4 elementor-widget elementor-widget-heading\" data-id=\"774f6da4\" data-element_type=\"widget\" data-e-type=\"widget\" data-widget_type=\"heading.default\">\n\t\t\t\t\t<h6 class=\"elementor-heading-title elementor-size-default\"><a href=\"https:\/\/teliplus.com\/fr\/services\/affichage-numerique\/\">En savoir plus<\/a><\/h6>\t\t\t\t<\/div>\n\t\t\t\t<div class=\"elementor-element elementor-element-462fa199 elementor-absolute mix-blend elementor-widget elementor-widget-image\" data-id=\"462fa199\" data-element_type=\"widget\" data-e-type=\"widget\" data-settings=\"{&quot;_position&quot;:&quot;absolute&quot;}\" data-widget_type=\"image.default\">\n\t\t\t\t\t\t\t\t\t\t\t\t\t\t\t<img loading=\"lazy\" decoding=\"async\" width=\"143\" height=\"275\" src=\"https:\/\/teliplus.com\/wp-content\/uploads\/2025\/08\/Digital-Signage.png\" class=\"attachment-full size-full wp-image-986\" alt=\"\" \/>\t\t\t\t\t\t\t\t\t\t\t\t\t\t\t<\/div>\n\t\t\t\t<\/div>\n\t\t\t\t<\/div>\n\t\t<div class=\"elementor-element elementor-element-16ef0f12 e-con-full e-flex e-con e-child\" data-id=\"16ef0f12\" data-element_type=\"container\" data-e-type=\"container\">\n\t\t<div class=\"elementor-element elementor-element-75b8720e e-con-full e-flex e-con e-child\" data-id=\"75b8720e\" data-element_type=\"container\" data-e-type=\"container\" data-settings=\"{&quot;background_background&quot;:&quot;classic&quot;}\">\n\t\t\t\t<div class=\"elementor-element elementor-element-66b3df67 card-title elementor-widget elementor-widget-heading\" data-id=\"66b3df67\" data-element_type=\"widget\" data-e-type=\"widget\" data-widget_type=\"heading.default\">\n\t\t\t\t\t<h3 class=\"elementor-heading-title elementor-size-default\">Services informatiques<\/h3>\t\t\t\t<\/div>\n\t\t\t\t<div class=\"elementor-element elementor-element-345fbb73 elementor-widget__width-initial elementor-widget elementor-widget-text-editor\" data-id=\"345fbb73\" data-element_type=\"widget\" data-e-type=\"widget\" data-widget_type=\"text-editor.default\">\n\t\t\t\t\t\t\t\t\t<p>Support complet pour votre infrastructure : configuration r\u00e9seau, mat\u00e9riel, cybers\u00e9curit\u00e9, services cloud et gestion continue.<\/p>\t\t\t\t\t\t\t\t<\/div>\n\t\t\t\t<div class=\"elementor-element elementor-element-48a7b5fe elementor-widget elementor-widget-heading\" data-id=\"48a7b5fe\" data-element_type=\"widget\" data-e-type=\"widget\" data-widget_type=\"heading.default\">\n\t\t\t\t\t<h6 class=\"elementor-heading-title elementor-size-default\"><a href=\"https:\/\/teliplus.com\/fr\/services\/services-informatiques\/\">En savoir plus<\/a><\/h6>\t\t\t\t<\/div>\n\t\t\t\t<div class=\"elementor-element elementor-element-11fa12a3 elementor-absolute mix-blend elementor-widget elementor-widget-image\" data-id=\"11fa12a3\" data-element_type=\"widget\" data-e-type=\"widget\" data-settings=\"{&quot;_position&quot;:&quot;absolute&quot;}\" data-widget_type=\"image.default\">\n\t\t\t\t\t\t\t\t\t\t\t\t\t\t\t<img loading=\"lazy\" decoding=\"async\" width=\"205\" height=\"176\" src=\"https:\/\/teliplus.com\/wp-content\/uploads\/2025\/08\/IT-Services.png\" class=\"attachment-full size-full wp-image-987\" alt=\"\" \/>\t\t\t\t\t\t\t\t\t\t\t\t\t\t\t<\/div>\n\t\t\t\t<\/div>\n\t\t\t\t<\/div>\n\t\t<div class=\"elementor-element elementor-element-4902f065 e-con-full e-flex e-con e-child\" data-id=\"4902f065\" data-element_type=\"container\" data-e-type=\"container\">\n\t\t<div class=\"elementor-element elementor-element-23dbac05 e-con-full e-flex e-con e-child\" data-id=\"23dbac05\" data-element_type=\"container\" data-e-type=\"container\" data-settings=\"{&quot;background_background&quot;:&quot;classic&quot;}\">\n\t\t\t\t<div class=\"elementor-element elementor-element-3af694c4 card-title elementor-widget elementor-widget-heading\" data-id=\"3af694c4\" data-element_type=\"widget\" data-e-type=\"widget\" data-widget_type=\"heading.default\">\n\t\t\t\t\t<h3 class=\"elementor-heading-title elementor-size-default\">Solutions PDV et paiement<\/h3>\t\t\t\t<\/div>\n\t\t\t\t<div class=\"elementor-element elementor-element-73a67691 elementor-widget__width-initial elementor-widget elementor-widget-text-editor\" data-id=\"73a67691\" data-element_type=\"widget\" data-e-type=\"widget\" data-widget_type=\"text-editor.default\">\n\t\t\t\t\t\t\t\t\t<p>Syst\u00e8mes de point de vente fiables et transparents pour le commerce de d\u00e9tail, l&rsquo;h\u00f4tellerie et les entreprises de services. Pr\u00eat pour l&rsquo;int\u00e9gration et soutenu par une assistance 24\/7.<\/p>\t\t\t\t\t\t\t\t<\/div>\n\t\t\t\t<div class=\"elementor-element elementor-element-13913ce1 elementor-widget elementor-widget-heading\" data-id=\"13913ce1\" data-element_type=\"widget\" data-e-type=\"widget\" data-widget_type=\"heading.default\">\n\t\t\t\t\t<h6 class=\"elementor-heading-title elementor-size-default\"><a href=\"https:\/\/teliplus.com\/fr\/services\/solutions-pdv-et-paiement\/\">En savoir plus<\/a><\/h6>\t\t\t\t<\/div>\n\t\t\t\t<div class=\"elementor-element elementor-element-5b53ab21 elementor-absolute mix-blend elementor-widget elementor-widget-image\" data-id=\"5b53ab21\" data-element_type=\"widget\" data-e-type=\"widget\" data-settings=\"{&quot;_position&quot;:&quot;absolute&quot;}\" data-widget_type=\"image.default\">\n\t\t\t\t\t\t\t\t\t\t\t\t\t\t\t<img loading=\"lazy\" decoding=\"async\" width=\"146\" height=\"169\" src=\"https:\/\/teliplus.com\/wp-content\/uploads\/2025\/08\/POS-Payment-Solutions.png\" class=\"attachment-full size-full wp-image-988\" alt=\"\" \/>\t\t\t\t\t\t\t\t\t\t\t\t\t\t\t<\/div>\n\t\t\t\t<\/div>\n\t\t\t\t<\/div>\n\t\t\t\t<\/div>\n\t\t\t\t<div class=\"elementor-element elementor-element-14cd450 elementor-align-center elementor-widget elementor-widget-button\" data-id=\"14cd450\" data-element_type=\"widget\" data-e-type=\"widget\" data-widget_type=\"button.default\">\n\t\t\t\t\t\t\t\t\t\t<a class=\"elementor-button elementor-button-link elementor-size-sm\" href=\"https:\/\/teliplus.com\/fr\/demander-une-consultation\/\">\n\t\t\t\t\t\t<span class=\"elementor-button-content-wrapper\">\n\t\t\t\t\t\t\t\t\t<span class=\"elementor-button-text\">Construisons votre solution personnalis\u00e9e<\/span>\n\t\t\t\t\t<\/span>\n\t\t\t\t\t<\/a>\n\t\t\t\t\t\t\t\t<\/div>\n\t\t\t\t\t<\/div>\n\t\t\t\t<\/div>\n\t\t\t\t<\/div>\n\t\t","protected":false},"excerpt":{"rendered":"<p>Services Ce que nous offrons Chez TeliPlus, nous fournissons une gamme compl\u00e8te de solutions de t\u00e9l\u00e9communications et informatiques adapt\u00e9es aux [&hellip;]<\/p>\n","protected":false},"author":1,"featured_media":0,"parent":0,"menu_order":0,"comment_status":"closed","ping_status":"closed","template":"","meta":{"_eb_attr":"","site-sidebar-layout":"no-sidebar","site-content-layout":"","ast-site-content-layout":"full-width-container","site-content-style":"default","site-sidebar-style":"default","ast-global-header-display":"","ast-banner-title-visibility":"","ast-main-header-display":"","ast-hfb-above-header-display":"","ast-hfb-below-header-display":"","ast-hfb-mobile-header-display":"","site-post-title":"disabled","ast-breadcrumbs-content":"","ast-featured-img":"disabled","footer-sml-layout":"","ast-disable-related-posts":"","theme-transparent-header-meta":"","adv-header-id-meta":"","stick-header-meta":"","header-above-stick-meta":"","header-main-stick-meta":"","header-below-stick-meta":"","astra-migrate-meta-layouts":"default","ast-page-background-enabled":"default","ast-page-background-meta":{"desktop":{"background-color":"var(--ast-global-color-5)","background-image":"","background-repeat":"repeat","background-position":"center center","background-size":"auto","background-attachment":"scroll","background-type":"","background-media":"","overlay-type":"","overlay-color":"","overlay-opacity":"","overlay-gradient":""},"tablet":{"background-color":"","background-image":"","background-repeat":"repeat","background-position":"center center","background-size":"auto","background-attachment":"scroll","background-type":"","background-media":"","overlay-type":"","overlay-color":"","overlay-opacity":"","overlay-gradient":""},"mobile":{"background-color":"","background-image":"","background-repeat":"repeat","background-position":"center center","background-size":"auto","background-attachment":"scroll","background-type":"","background-media":"","overlay-type":"","overlay-color":"","overlay-opacity":"","overlay-gradient":""}},"ast-content-background-meta":{"desktop":{"background-color":"var(--ast-global-color-4)","background-image":"","background-repeat":"repeat","background-position":"center center","background-size":"auto","background-attachment":"scroll","background-type":"","background-media":"","overlay-type":"","overlay-color":"","overlay-opacity":"","overlay-gradient":""},"tablet":{"background-color":"var(--ast-global-color-4)","background-image":"","background-repeat":"repeat","background-position":"center center","background-size":"auto","background-attachment":"scroll","background-type":"","background-media":"","overlay-type":"","overlay-color":"","overlay-opacity":"","overlay-gradient":""},"mobile":{"background-color":"var(--ast-global-color-4)","background-image":"","background-repeat":"repeat","background-position":"center center","background-size":"auto","background-attachment":"scroll","background-type":"","background-media":"","overlay-type":"","overlay-color":"","overlay-opacity":"","overlay-gradient":""}},"footnotes":""},"class_list":["post-1008","page","type-page","status-publish","hentry"],"_links":{"self":[{"href":"https:\/\/teliplus.com\/fr\/wp-json\/wp\/v2\/pages\/1008","targetHints":{"allow":["GET"]}}],"collection":[{"href":"https:\/\/teliplus.com\/fr\/wp-json\/wp\/v2\/pages"}],"about":[{"href":"https:\/\/teliplus.com\/fr\/wp-json\/wp\/v2\/types\/page"}],"author":[{"embeddable":true,"href":"https:\/\/teliplus.com\/fr\/wp-json\/wp\/v2\/users\/1"}],"replies":[{"embeddable":true,"href":"https:\/\/teliplus.com\/fr\/wp-json\/wp\/v2\/comments?post=1008"}],"version-history":[{"count":16,"href":"https:\/\/teliplus.com\/fr\/wp-json\/wp\/v2\/pages\/1008\/revisions"}],"predecessor-version":[{"id":1601,"href":"https:\/\/teliplus.com\/fr\/wp-json\/wp\/v2\/pages\/1008\/revisions\/1601"}],"wp:attachment":[{"href":"https:\/\/teliplus.com\/fr\/wp-json\/wp\/v2\/media?parent=1008"}],"curies":[{"name":"wp","href":"https:\/\/api.w.org\/{rel}","templated":true}]}}